{"id":5629,"date":"2026-04-16T17:55:08","date_gmt":"2026-04-16T15:55:08","guid":{"rendered":"https:\/\/www.hofmann-rtv.ch\/?product=sonox-q30-weiss"},"modified":"2026-04-16T17:57:25","modified_gmt":"2026-04-16T15:57:25","slug":"sonox-q30-weiss","status":"publish","type":"product","link":"https:\/\/www.hofmann-rtv.ch\/?product=sonox-q30-weiss","title":{"rendered":"SONOX Q30 (weiss)"},"content":{"rendered":"<p>Abmessungen (H \u00d7 B \u00d7 T): 29 \u00d7 17.5 \u00d7 24 cm<br \/>\nImpedanz: 6 \u03a9<br \/>\nWirkungsgrad: 89 dB<br \/>\nFrequenzgang: 45 Hz &#8212; 24 kHz<br \/>\nTrennfrequenz: 250 Hz | 4.3 kHz<br \/>\nSub-B\u00e4sse: 1<\/p>\n","protected":false},"excerpt":{"rendered":"<p>Mit der neuen Q-Serie macht SONOX High-End-Klang f\u00fcr dich erschwinglich. Neben den stylischen X-Modellen bietet die Q-Serie die ideale L\u00f6sung f\u00fcr alle, die einen klassisch-eleganten Lautsprecher bevorzugen. Erlebe deine Lieblingsmusik zu Hause mit dem Gef\u00fchl, mitten im Konzert zu sitzen. Dank der geschlossenen Bauweise lassen sich die SONOX Lautsprecher besonders flexibel im Raum platzieren. Gleichzeitig \u00fcberzeugt die Wiedergabe mit einer beeindruckenden R\u00e4umlichkeit &#8212; Stimmen bleiben unabh\u00e4ngig von deiner Sitzposition klar und pr\u00e4zise ortbar.<\/p>\n<p>F\u00fcr Audiophile &#8212; Musik, die Emotionen weckt<br \/>\nMusik in ihrer ganzen Farbenvielfalt und mit voller Dynamik zu erleben, ist ein einzigartiges H\u00f6rerlebnis. Die SONOX Design-Lautsprecher lassen deine Lieblingsmusik mit beeindruckender Lebendigkeit in deinem Wohnraum entstehen. Ziel der Entwicklung war die perfekte Verbindung aus Lifestyle-Design, erstklassiger Klangperformance und attraktivem Preis. Mit SONOX wurde dieses Ziel deutlich \u00fcbertroffen. Ob Filmabend oder Musik-Session mit Freunden &#8212; mit der Q30 entstehen unvergessliche Momente. In Kombination mit einem Streaming-Verst\u00e4rker ist die Q30 zudem das perfekte Upgrade gegen\u00fcber einer klassischen Soundbar.<\/p>\n<p>Schweizer Audio-Expertise f\u00fcr echten Klanggenuss<br \/>\nHinter SONOX steht die Schweizer Lautsprecher-Manufaktur ROWEN. Das umfangreiche High-End-Know-how des renommierten Herstellers wurde direkt in die SONOX Serie integriert. Die kompakten Lautsprecher \u00fcberzeugen mit:<br \/>\n* Einer weiten, nat\u00fcrlichen Klangb\u00fchne<br \/>\n* Klaren, verst\u00e4ndlichen Stimmen<br \/>\n* Nat\u00fcrlichem Timbre<br \/>\n* Kraftvollem, kontrolliertem Bass<br \/>\nErlebe Musik verschiedenster Genres in hoher Qualit\u00e4t direkt bei dir zu Hause.<\/p>\n<p>Tiefbass aus kleinem Volumen &#8212; mit zus\u00e4tzlichem Subbass-Treiber<br \/>\nDie SONOX Q30 zeigt, wie viel Klangvolumen aus einem kompakten Geh\u00e4use m\u00f6glich ist. Ein speziell entwickelter Subbass-Treiber auf der R\u00fcckseite unterst\u00fctzt den Hauptbass und sorgt f\u00fcr ein \u00fcberraschend tief reichendes Bassfundament. Das kubische MDF-Geh\u00e4use mit 18 mm Wandst\u00e4rke unterst\u00fctzt die stabile und pr\u00e4zise Klangabstrahlung.<\/p>\n<p>Bew\u00e4hrter ROWEN Hocht\u00f6ner f\u00fcr transparente H\u00f6hen<br \/>\nDer aus vielen ROWEN Lautsprechern bekannte 18 mm Gewebe-Hocht\u00f6ner sorgt f\u00fcr einen offenen und transparenten Hochtonbereich. Der Klang l\u00f6st sich angenehm von den Boxen und bildet eine dreidimensionale B\u00fchne. Das Ergebnis beim H\u00f6ren:<br \/>\n* Strukturierte Mitten<br \/>\n* Angenehme W\u00e4rme im Grundton<br \/>\n* Gut ortbare Stimmen<br \/>\n* Luftige, detaillierte H\u00f6hen<\/p>\n<p>Kompaktes Design mit edlem Finish<br \/>\nDie SONOX Q30 \u00fcberzeugt nicht nur klanglich, sondern auch optisch. Das hochwertige Finish ist in mehreren Farben erh\u00e4ltlich und f\u00fcgt sich harmonisch in jedes Wohnambiente ein.<\/p>\n<p>SONOX Q30 &#8212; klassischer Designlautsprecher mit beeindruckendem Klang.<\/p>\n","protected":false},"featured_media":5628,"template":"","meta":[],"pwb-brand":[115],"product_brand":[90],"product_cat":[94,32],"product_tag":[],"class_list":{"0":"post-5629","1":"product","2":"type-product","3":"status-publish","4":"has-post-thumbnail","6":"pwb-brand-sonox","7":"product_brand-sonox","8":"product_cat-neu","9":"product_cat-hifi","11":"first","12":"outofstock","13":"shipping-taxable","14":"purchasable","15":"product-type-simple"},"jetpack_sharing_enabled":true,"brands":[{"id":115,"name":"Sonox","slug":"sonox"}],"_links":{"self":[{"href":"https:\/\/www.hofmann-rtv.ch\/index.php?rest_route=\/wp\/v2\/product\/5629","targetHints":{"allow":["GET"]}}],"collection":[{"href":"https:\/\/www.hofmann-rtv.ch\/index.php?rest_route=\/wp\/v2\/product"}],"about":[{"href":"https:\/\/www.hofmann-rtv.ch\/index.php?rest_route=\/wp\/v2\/types\/product"}],"wp:featuredmedia":[{"embeddable":true,"href":"https:\/\/www.hofmann-rtv.ch\/index.php?rest_route=\/wp\/v2\/media\/5628"}],"wp:attachment":[{"href":"https:\/\/www.hofmann-rtv.ch\/index.php?rest_route=%2Fwp%2Fv2%2Fmedia&parent=5629"}],"wp:term":[{"taxonomy":"pwb-brand","embeddable":true,"href":"https:\/\/www.hofmann-rtv.ch\/index.php?rest_route=%2Fwp%2Fv2%2Fpwb-brand&post=5629"},{"taxonomy":"product_brand","embeddable":true,"href":"https:\/\/www.hofmann-rtv.ch\/index.php?rest_route=%2Fwp%2Fv2%2Fproduct_brand&post=5629"},{"taxonomy":"product_cat","embeddable":true,"href":"https:\/\/www.hofmann-rtv.ch\/index.php?rest_route=%2Fwp%2Fv2%2Fproduct_cat&post=5629"},{"taxonomy":"product_tag","embeddable":true,"href":"https:\/\/www.hofmann-rtv.ch\/index.php?rest_route=%2Fwp%2Fv2%2Fproduct_tag&post=5629"}],"curies":[{"name":"wp","href":"https:\/\/api.w.org\/{rel}","templated":true}]}}