{"id":5639,"date":"2026-04-16T17:55:13","date_gmt":"2026-04-16T15:55:13","guid":{"rendered":"https:\/\/www.hofmann-rtv.ch\/?product=sonox-q80-weiss"},"modified":"2026-04-16T17:57:25","modified_gmt":"2026-04-16T15:57:25","slug":"sonox-q80-weiss","status":"publish","type":"product","link":"https:\/\/www.hofmann-rtv.ch\/?product=sonox-q80-weiss","title":{"rendered":"SONOX Q80 (weiss)"},"content":{"rendered":"<p>Abmessungen (H \u00d7 B \u00d7 T): 85 \u00d7 17.5 \u00d7 22 cm<br \/>\nImpedanz: 6 \u03a9<br \/>\nWirkungsgrad: 89 dB<br \/>\nFrequenzgang: 29 Hz \u2013 24 kHz<br \/>\nTrennfrequenz: 250 Hz | 4.3 kHz<br \/>\nSub-B\u00e4sse: 1<br \/>\nLieferumfang:<br \/>\n* Spikes + Untersetzer inklusive<br \/>\n* Gummif\u00fc\u00dfe inklusive<br \/>\n* Stoffabdeckung inklusive<\/p>\n","protected":false},"excerpt":{"rendered":"<p>Mit der SONOX Q-Serie wird HiFi-Klang auf einem besonders attraktiven Preisniveau zug\u00e4nglich. Neben den modernen X-Modellen bietet die Q-Serie die perfekte Wahl f\u00fcr alle, die einen klassisch-eleganten Lautsprecher mit erstklassiger Technik suchen. Erlebe Musik so, als w\u00e4rst du live im Konzert. Dank der geschlossenen Bauweise lassen sich SONOX Lautsprecher sehr flexibel im Wohnraum platzieren. Die Wiedergabe \u00fcberzeugt mit einer beeindruckenden R\u00e4umlichkeit \u2013 Stimmen bleiben unabh\u00e4ngig von der Sitzposition klar und pr\u00e4zise ortbar.<\/p>\n<p>Musik mit all ihren Details, Farben und ihrer nat\u00fcrlichen Dynamik zu h\u00f6ren, ist ein besonderes Erlebnis. Die SONOX Design-Lautsprecher lassen deine Lieblingsmusik mit beeindruckender Lebendigkeit in deinem Zuhause entstehen. Ziel der Entwicklung war die perfekte Kombination aus Lifestyle-Design, HiFi-Klangqualit\u00e4t und einem attraktiven Preis. Mit SONOX wurde dieses Ziel deutlich \u00fcbertroffen. Unvergessliche Filmabende oder mitrei\u00dfende Musik-Sessions mit Freunden sind garantiert. In Verbindung mit einem Streaming-Verst\u00e4rker ist die Q80 zudem das ideale Upgrade gegen\u00fcber einer klassischen Soundbar.<\/p>\n<p>Die Entwicklung der SONOX Lautsprecher basiert auf dem Know-how der Schweizer Lautsprecher-Manufaktur ROWEN. Die langj\u00e4hrige Erfahrung im High-End-Audio-Bereich spiegelt sich in jedem Detail wider. Die kompakten Lautsprecher \u00fcberzeugen durch:<br \/>\n* Eine weite, nat\u00fcrliche Klangb\u00fchne<br \/>\n* Klar definierte Stimmen<br \/>\n* Warmes, authentisches Timbre<br \/>\n* Kraftvollen, kontrollierten Bass<br \/>\nGenie\u00dfe Musik verschiedenster Genres in hoher Qualit\u00e4t direkt zu Hause.<\/p>\n<p>Die Q80 liefert beeindruckenden Tiefbass mit sp\u00fcrbarem Druck bei Drums und Kontrab\u00e4ssen. Ein speziell entwickelter Subbass-Treiber unterst\u00fctzt den Hauptbass und erm\u00f6glicht den Verzicht auf ein Bassreflex-System. Die geschlossene Bauweise sorgt daf\u00fcr, dass die Lautsprecher auch direkt an einer Wand platziert werden k\u00f6nnen, ohne dass der Klang an Pr\u00e4zision verliert. Der Grundton bleibt sauber definiert \u2013 st\u00f6rendes Dr\u00f6hnen entsteht nicht.<\/p>\n<p>Der bekannte 18 mm Gewebe-Hocht\u00f6ner von ROWEN sorgt f\u00fcr einen offenen, transparenten Hochtonbereich. Der Klang l\u00f6st sich angenehm von den Lautsprechern und bildet eine dreidimensionale B\u00fchne. H\u00f6rer profitieren von:<br \/>\n* Strukturierter Mittenwiedergabe<br \/>\n* Angenehm warmer Grundtoncharakteristik<br \/>\n* Sehr guter Stimmenortung<br \/>\n* Luftigen, detaillierten H\u00f6hen<\/p>\n<p>Die SONOX Q80 \u00fcberzeugt optisch durch ihr modernes, kompaktes Erscheinungsbild.<br \/>\nFarben:<br \/>\n* Schwarz satiniert<br \/>\n* Weiss satiniert<br \/>\n* Eiche-Vinyl mit hochwertiger Haptik und hoher Kratzresistenz<br \/>\nDie magnetisch befestigten Stoffabdeckungen sind mit Kontrastf\u00e4den verarbeitet und verleihen dem Lautsprecher eine urbane, zeitgem\u00e4\u00dfe Optik.<\/p>\n<p>Die SONOX Q80 ist inklusive F\u00fc\u00dfen etwa 85 cm hoch. Zum Lieferumfang geh\u00f6ren:<br \/>\n* 4 Spikes mit Untersetzer zum Schutz von Parkettb\u00f6den<br \/>\n* 4 Gummif\u00fc\u00dfe<br \/>\n* Mehrere eingelassene Gewinde f\u00fcr flexible Spike-Montage (4 oder 3 Spikes m\u00f6glich)<\/p>\n<p>SONOX Q80 \u2013 klassischer HiFi-Lautsprecher mit moderner Performance.<\/p>\n","protected":false},"featured_media":5638,"template":"","meta":[],"pwb-brand":[115],"product_brand":[90],"product_cat":[94,32],"product_tag":[],"class_list":{"0":"post-5639","1":"product","2":"type-product","3":"status-publish","4":"has-post-thumbnail","6":"pwb-brand-sonox","7":"product_brand-sonox","8":"product_cat-neu","9":"product_cat-hifi","11":"first","12":"outofstock","13":"shipping-taxable","14":"purchasable","15":"product-type-simple"},"jetpack_sharing_enabled":true,"brands":[{"id":115,"name":"Sonox","slug":"sonox"}],"_links":{"self":[{"href":"https:\/\/www.hofmann-rtv.ch\/index.php?rest_route=\/wp\/v2\/product\/5639","targetHints":{"allow":["GET"]}}],"collection":[{"href":"https:\/\/www.hofmann-rtv.ch\/index.php?rest_route=\/wp\/v2\/product"}],"about":[{"href":"https:\/\/www.hofmann-rtv.ch\/index.php?rest_route=\/wp\/v2\/types\/product"}],"wp:featuredmedia":[{"embeddable":true,"href":"https:\/\/www.hofmann-rtv.ch\/index.php?rest_route=\/wp\/v2\/media\/5638"}],"wp:attachment":[{"href":"https:\/\/www.hofmann-rtv.ch\/index.php?rest_route=%2Fwp%2Fv2%2Fmedia&parent=5639"}],"wp:term":[{"taxonomy":"pwb-brand","embeddable":true,"href":"https:\/\/www.hofmann-rtv.ch\/index.php?rest_route=%2Fwp%2Fv2%2Fpwb-brand&post=5639"},{"taxonomy":"product_brand","embeddable":true,"href":"https:\/\/www.hofmann-rtv.ch\/index.php?rest_route=%2Fwp%2Fv2%2Fproduct_brand&post=5639"},{"taxonomy":"product_cat","embeddable":true,"href":"https:\/\/www.hofmann-rtv.ch\/index.php?rest_route=%2Fwp%2Fv2%2Fproduct_cat&post=5639"},{"taxonomy":"product_tag","embeddable":true,"href":"https:\/\/www.hofmann-rtv.ch\/index.php?rest_route=%2Fwp%2Fv2%2Fproduct_tag&post=5639"}],"curies":[{"name":"wp","href":"https:\/\/api.w.org\/{rel}","templated":true}]}}