{"id":5711,"date":"2026-04-17T12:36:02","date_gmt":"2026-04-17T10:36:02","guid":{"rendered":"https:\/\/www.hofmann-rtv.ch\/?post_type=product&#038;p=5711"},"modified":"2026-04-17T12:45:39","modified_gmt":"2026-04-17T10:45:39","slug":"bang-olufsen-beosound-moment-occasion-kopie","status":"publish","type":"product","link":"https:\/\/www.hofmann-rtv.ch\/?product=bang-olufsen-beosound-moment-occasion-kopie","title":{"rendered":"SPECTRAL NEXT NXL2704 Sideboard f\u00fcr Laser TV  Farbe: Pebble"},"content":{"rendered":"<p><a href=\"https:\/\/www.hofmann-rtv.ch\/wp-content\/uploads\/2026\/04\/leica_cine1_spectralnxl_flyer_de.pdf\">leica_cine1_spectralnxl_flyer_de<\/a><\/p>\n<p>&nbsp;<\/p>\n<p>&nbsp;<\/p>\n","protected":false},"excerpt":{"rendered":"<h1>SPECTRAL NEXT NXL Sideboard<\/h1>\n<p data-start=\"105\" data-end=\"456\">Dieses Sideboard war im Showroom ausgestellt. Es kann leichte bis sichtbare Gebrauchsspuren wie feine Kratzer, minimale Abnutzungen am Geh\u00e4use\u00a0 aufweisen. Technisch ist das Ger\u00e4t jedoch vollst\u00e4ndig gepr\u00fcft und funktioniert einwandfrei ohne Einschr\u00e4nkungen.<\/p>\n<p>SPECTRAL NEXT NXL Sideboard f\u00fcr Laser TV Farbe: Pebble<\/p>\n<p>Mit dem LaserTV-M\u00f6bel von Spectral wird Ihr Wohnzimmer zu einem pers\u00f6nlichen Kinosaal. Das M\u00f6bel wurde speziell f\u00fcr Ultrakurzdistanzprojektion konzipiert.<\/p>\n<p>Zum Kauf steht dieses Ausstellungsst\u00fcck<strong> inkl. schweizweiter Anlieferung.<\/strong><\/p>\n<p><strong>Breite 270 cm <\/strong><\/p>\n<p><strong>H\u00f6he 50 cm <\/strong><\/p>\n<p><strong>Tiefe 73 cm<\/strong><\/p>\n<p><strong>Wichtig: ohne Projektor, Leinwand und Lautsprecher. <\/strong><\/p>\n<p>&nbsp;<\/p>\n<div class=\"speclist__item__data\">\n<div class=\"product--description block\">\n<div class=\"feature-table\">\n<div class=\"table-row\"><\/div>\n<\/div>\n<div class=\"feature-table\">\n<div class=\"table-row\">\n<div class=\"table-attribut-value\"><\/div>\n<\/div>\n<\/div>\n<\/div>\n<\/div>\n","protected":false},"featured_media":5712,"template":"","meta":[],"pwb-brand":[111],"product_brand":[],"product_cat":[116],"product_tag":[],"class_list":{"0":"post-5711","1":"product","2":"type-product","3":"status-publish","4":"has-post-thumbnail","6":"pwb-brand-hier-finden-sie-gepruefte-und-teils-revidierte-occasion-secondlife-und-demo-geraete","7":"product_cat-neu-hinzugefuegt","9":"first","10":"outofstock","11":"sale","12":"featured","13":"sold-individually","14":"shipping-taxable","15":"purchasable","16":"product-type-simple"},"jetpack_sharing_enabled":true,"brands":[{"id":111,"name":"Occasion \/ Secondlife und Demo","slug":"hier-finden-sie-gepruefte-und-teils-revidierte-occasion-secondlife-und-demo-geraete"}],"_links":{"self":[{"href":"https:\/\/www.hofmann-rtv.ch\/index.php?rest_route=\/wp\/v2\/product\/5711","targetHints":{"allow":["GET"]}}],"collection":[{"href":"https:\/\/www.hofmann-rtv.ch\/index.php?rest_route=\/wp\/v2\/product"}],"about":[{"href":"https:\/\/www.hofmann-rtv.ch\/index.php?rest_route=\/wp\/v2\/types\/product"}],"wp:featuredmedia":[{"embeddable":true,"href":"https:\/\/www.hofmann-rtv.ch\/index.php?rest_route=\/wp\/v2\/media\/5712"}],"wp:attachment":[{"href":"https:\/\/www.hofmann-rtv.ch\/index.php?rest_route=%2Fwp%2Fv2%2Fmedia&parent=5711"}],"wp:term":[{"taxonomy":"pwb-brand","embeddable":true,"href":"https:\/\/www.hofmann-rtv.ch\/index.php?rest_route=%2Fwp%2Fv2%2Fpwb-brand&post=5711"},{"taxonomy":"product_brand","embeddable":true,"href":"https:\/\/www.hofmann-rtv.ch\/index.php?rest_route=%2Fwp%2Fv2%2Fproduct_brand&post=5711"},{"taxonomy":"product_cat","embeddable":true,"href":"https:\/\/www.hofmann-rtv.ch\/index.php?rest_route=%2Fwp%2Fv2%2Fproduct_cat&post=5711"},{"taxonomy":"product_tag","embeddable":true,"href":"https:\/\/www.hofmann-rtv.ch\/index.php?rest_route=%2Fwp%2Fv2%2Fproduct_tag&post=5711"}],"curies":[{"name":"wp","href":"https:\/\/api.w.org\/{rel}","templated":true}]}}