{"id":5720,"date":"2026-04-17T13:02:19","date_gmt":"2026-04-17T11:02:19","guid":{"rendered":"https:\/\/www.hofmann-rtv.ch\/?post_type=product&#038;p=5720"},"modified":"2026-04-17T13:10:45","modified_gmt":"2026-04-17T11:10:45","slug":"bang-olufsen-beovision-horizon-40-occasion","status":"publish","type":"product","link":"https:\/\/www.hofmann-rtv.ch\/?product=bang-olufsen-beovision-horizon-40-occasion","title":{"rendered":"Bang Olufsen BeoVision Horizon 40 ( Occasion )"},"content":{"rendered":"<p>&nbsp;<\/p>\n<p>&nbsp;<\/p>\n<p>&nbsp;<\/p>\n","protected":false},"excerpt":{"rendered":"<h1>BANG OLUFSEN BeoSound Vision Horizon 40 (2017)<\/h1>\n<p>Zubeh\u00f6r: Rollstandfuss ( ohne Fernbedienung )<\/p>\n<p data-start=\"105\" data-end=\"456\">Dieses Ger\u00e4t ist aus 2. Hand. Es kann leichte bis sichtbare Gebrauchsspuren wie feine Kratzer, minimale Abnutzungen am Geh\u00e4use oder leichte Gebrauchsspuren am Display aufweisen. Technisch ist das Ger\u00e4t jedoch vollst\u00e4ndig gepr\u00fcft und funktioniert einwandfrei ohne Einschr\u00e4nkungen.<\/p>\n<p data-start=\"458\" data-end=\"551\">Im Lieferumfang ist s\u00e4mtliches notwendiges Zubeh\u00f6r enthalten (sofern nicht anders angegeben). Garantie: Ohne Garantie<\/p>\n<div class=\"speclist__item__data\">\n<div class=\"product--description block\">\n<div class=\"feature-table\">\n<div class=\"table-row\"><\/div>\n<\/div>\n<div class=\"feature-table\">\n<div class=\"table-row\">\n<div class=\"table-attribut-value\"><\/div>\n<\/div>\n<\/div>\n<\/div>\n<\/div>\n","protected":false},"featured_media":5721,"template":"","meta":[],"pwb-brand":[111],"product_brand":[],"product_cat":[116],"product_tag":[],"class_list":{"0":"post-5720","1":"product","2":"type-product","3":"status-publish","4":"has-post-thumbnail","6":"pwb-brand-hier-finden-sie-gepruefte-und-teils-revidierte-occasion-secondlife-und-demo-geraete","7":"product_cat-neu-hinzugefuegt","9":"first","10":"outofstock","11":"featured","12":"sold-individually","13":"shipping-taxable","14":"purchasable","15":"product-type-simple"},"jetpack_sharing_enabled":true,"brands":[{"id":111,"name":"Occasion \/ Secondlife und Demo","slug":"hier-finden-sie-gepruefte-und-teils-revidierte-occasion-secondlife-und-demo-geraete"}],"_links":{"self":[{"href":"https:\/\/www.hofmann-rtv.ch\/index.php?rest_route=\/wp\/v2\/product\/5720","targetHints":{"allow":["GET"]}}],"collection":[{"href":"https:\/\/www.hofmann-rtv.ch\/index.php?rest_route=\/wp\/v2\/product"}],"about":[{"href":"https:\/\/www.hofmann-rtv.ch\/index.php?rest_route=\/wp\/v2\/types\/product"}],"wp:featuredmedia":[{"embeddable":true,"href":"https:\/\/www.hofmann-rtv.ch\/index.php?rest_route=\/wp\/v2\/media\/5721"}],"wp:attachment":[{"href":"https:\/\/www.hofmann-rtv.ch\/index.php?rest_route=%2Fwp%2Fv2%2Fmedia&parent=5720"}],"wp:term":[{"taxonomy":"pwb-brand","embeddable":true,"href":"https:\/\/www.hofmann-rtv.ch\/index.php?rest_route=%2Fwp%2Fv2%2Fpwb-brand&post=5720"},{"taxonomy":"product_brand","embeddable":true,"href":"https:\/\/www.hofmann-rtv.ch\/index.php?rest_route=%2Fwp%2Fv2%2Fproduct_brand&post=5720"},{"taxonomy":"product_cat","embeddable":true,"href":"https:\/\/www.hofmann-rtv.ch\/index.php?rest_route=%2Fwp%2Fv2%2Fproduct_cat&post=5720"},{"taxonomy":"product_tag","embeddable":true,"href":"https:\/\/www.hofmann-rtv.ch\/index.php?rest_route=%2Fwp%2Fv2%2Fproduct_tag&post=5720"}],"curies":[{"name":"wp","href":"https:\/\/api.w.org\/{rel}","templated":true}]}}